{"id":216,"date":"2022-11-27T19:40:30","date_gmt":"2022-11-27T19:40:30","guid":{"rendered":"https:\/\/oshs-solutions.fi\/?page_id=216"},"modified":"2024-07-03T04:55:49","modified_gmt":"2024-07-03T04:55:49","slug":"contact-us","status":"publish","type":"page","link":"https:\/\/oshs-solutions.fi\/?page_id=216","title":{"rendered":"Ota yhteytt\u00e4"},"content":{"rendered":"<p><\/p>\n<p>Voit ottaa meihin yhteytt\u00e4 s\u00e4hk\u00f6postilla tai puhelimitse.<\/p>\n<p><\/p>\n<p><\/p>\n<p>S\u00e4hk\u00f6posti:<br \/>info@oshs-solutions.fi<\/p>\n<p><\/p>\n<p><\/p>\n<p>Puhelimitse:<br \/>+358 (0) 50 374\u00a0 4917<br \/>+358 (0) 44 324 9214<br \/><br \/>Sovitaan yhdess\u00e4 toimintasuunnitelma jonka mukaan l\u00e4hdet\u00e4\u00e4n etenem\u00e4\u00e4n.<br \/><br \/>L\u00f6yd\u00e4t meid\u00e4t my\u00f6s:<br \/><br \/>Linkedin<br \/><strong>OSHS Solutions Oy<\/strong><br \/><br \/>Facebook<br \/><strong>OSHS Solutions Oy<\/strong><\/p>\n<p><\/p>\n<p><\/p>\n<p><\/p>\t\t\n\t\t\t<style>\/*! elementor - v3.22.0 - 26-06-2024 *\/\n.elementor-widget-image{text-align:center}.elementor-widget-image a{display:inline-block}.elementor-widget-image a img[src$=\".svg\"]{width:48px}.elementor-widget-image img{vertical-align:middle;display:inline-block}<\/style>\t\t\t\t\t\t\t\t\t\t<img fetchpriority=\"high\" decoding=\"async\" width=\"243\" height=\"232\" src=\"https:\/\/oshs-solutions.fi\/wp-content\/uploads\/2022\/12\/nimeton.png\" alt=\"\" \/>","protected":false},"excerpt":{"rendered":"<p>Voit ottaa meihin yhteytt\u00e4 s\u00e4hk\u00f6postilla tai puhelimitse. S\u00e4hk\u00f6posti:info@oshs-solutions.fi Puhelimitse:+358 (0) 50 374\u00a0 4917+358 (0) 44 324 9214 Sovitaan yhdess\u00e4 toimintasuunnitelma jonka mukaan l\u00e4hdet\u00e4\u00e4n etenem\u00e4\u00e4n. L\u00f6yd\u00e4t<\/p>\n","protected":false},"author":1,"featured_media":0,"parent":0,"menu_order":0,"comment_status":"closed","ping_status":"closed","template":"","meta":{"footnotes":""},"class_list":["post-216","page","type-page","status-publish","hentry"],"_links":{"self":[{"href":"https:\/\/oshs-solutions.fi\/index.php?rest_route=\/wp\/v2\/pages\/216","targetHints":{"allow":["GET"]}}],"collection":[{"href":"https:\/\/oshs-solutions.fi\/index.php?rest_route=\/wp\/v2\/pages"}],"about":[{"href":"https:\/\/oshs-solutions.fi\/index.php?rest_route=\/wp\/v2\/types\/page"}],"author":[{"embeddable":true,"href":"https:\/\/oshs-solutions.fi\/index.php?rest_route=\/wp\/v2\/users\/1"}],"replies":[{"embeddable":true,"href":"https:\/\/oshs-solutions.fi\/index.php?rest_route=%2Fwp%2Fv2%2Fcomments&post=216"}],"version-history":[{"count":15,"href":"https:\/\/oshs-solutions.fi\/index.php?rest_route=\/wp\/v2\/pages\/216\/revisions"}],"predecessor-version":[{"id":397,"href":"https:\/\/oshs-solutions.fi\/index.php?rest_route=\/wp\/v2\/pages\/216\/revisions\/397"}],"wp:attachment":[{"href":"https:\/\/oshs-solutions.fi\/index.php?rest_route=%2Fwp%2Fv2%2Fmedia&parent=216"}],"curies":[{"name":"wp","href":"https:\/\/api.w.org\/{rel}","templated":true}]}}