{"id":226,"date":"2022-11-27T19:55:53","date_gmt":"2022-11-27T19:55:53","guid":{"rendered":"https:\/\/oshs-solutions.fi\/?page_id=226"},"modified":"2025-09-14T14:07:35","modified_gmt":"2025-09-14T14:07:35","slug":"tervetuloa","status":"publish","type":"page","link":"https:\/\/oshs-solutions.fi\/","title":{"rendered":"Tervetuloa"},"content":{"rendered":"\n<p>OSHS Solutions Oy on suomalainen yritys joka tarjoaa ratkaisuja ty\u00f6suojelun sek\u00e4 ty\u00f6- ja toimitilaturvallisuuden haasteisiin. Kokonaisvaltainen ja toimiva turvallisuuden hallinta parantaa yrityksen toimintaedellytyksi\u00e4 my\u00f6s kansainv\u00e4listyv\u00e4ss\u00e4 ty\u00f6ymp\u00e4rist\u00f6ss\u00e4.<br>Kun yrityksen ty\u00f6suojeluvelvoitteiden hoitamisen, ty\u00f6turvallisuuden tason yll\u00e4pit\u00e4misen tai toimitilaturvallisuuden alueilta l\u00f6ytyy asioita jotka pit\u00e4isi saattaa parempaan kuntoon, mutta et viel\u00e4 tied\u00e4 miten l\u00e4htisit etenem\u00e4\u00e4n;<br>Se, ett\u00e4 tunnistat organisaatiossasi haasteita ja p\u00e4\u00e4t\u00e4t l\u00e4hesty\u00e4 meit\u00e4 asian tiimoilta kertoo siit\u00e4, ett\u00e4 suunta on jo oikea.<br>Autamme yrityksi\u00e4 kaikissa ty\u00f6suojeluun tai turvallisuuteen, sek\u00e4 riskienhallintaan liittyviss\u00e4 asioissa. Taustalla yli 20 vuoden laaja-alainen kokemus turvallisuusalalta.<\/p>\n\n\n\n<p><em>Tapaturmaton toiminta on mahdollista, kun siihen sitoudutaan<\/em><\/p>\n\n\n\n<p><strong>Kaikkeen l\u00f6ytyy ratkaisu<\/strong><\/p>\n\n\n\n<ul class=\"wp-block-list\">\n<li>Selvitet\u00e4\u00e4n aluksi toiminnan nykytaso sek\u00e4 haluttu tavoitetila.<\/li>\n\n\n\n<li>M\u00e4\u00e4ritet\u00e4\u00e4n mill\u00e4 askelilla tavoite saavutetaan.<\/li>\n\n\n\n<li>Sovitaan miten tavoitteessa pysymist\u00e4 seurataan s\u00e4\u00e4nn\u00f6llisesti.<\/li>\n\n\n\n<li>Mietit\u00e4\u00e4n miten voisimme jatkossa kehitty\u00e4?<\/li>\n<\/ul>\n\n\n\n<p><em>Muutos on kasvuprosessi, joka vaatii avointa suhtautumista ja aktiivista sitoutumista uusiin toimintatapoihin<\/em><\/p>\n\n\n\n<p><strong>OSHS Solutions ratkaisee<\/strong><\/p>\n\n\n\n<ul class=\"wp-block-list\">\n<li>Ty\u00f6suojelu ml. ty\u00f6suojelulains\u00e4\u00e4d\u00e4nt\u00f6<\/li>\n\n\n\n<li>HSE &#8211; valvonta &#8211; ja koordinointipalvelut (henkil\u00f6st\u00f6ll\u00e4 turvallisuuskoordinaattorin p\u00e4tevyys sek\u00e4 laaja kansallinen sek\u00e4 kansainv\u00e4linen koulutus, mm. OSHA30 (US) )<\/li>\n\n\n\n<li>Riskien sek\u00e4 muutosten hallinta<\/li>\n\n\n\n<li>Turvallisuuskulttuurin kehitt\u00e4minen<\/li>\n\n\n\n<li>Turvallisuuskoulutukset<\/li>\n\n\n\n<li>Tiedonhankinta ja tulosten analysointi<\/li>\n\n\n\n<li>Erilaiset selvitysty\u00f6t<\/li>\n\n\n\n<li>Tapaturmatutkinta, juurisyyanalyysi sek\u00e4 raportointi<\/li>\n\n\n\n<li>Turvallisuus \u2013 ja vartiointipalvelujen hallinnointi sek\u00e4 k\u00e4yt\u00e4nn\u00f6n vaatimukset sek\u00e4 toteutus (omaamme turvallisuusalan elinkeinoluvan)<\/li>\n\n\n\n<li>Kaupan alan turvallisuus<\/li>\n<\/ul>\n\n\n\n<p>Ota yhteytt\u00e4 niin selvitet\u00e4\u00e4n miten voimme olla avuksi.<\/p>\n\n\n\n<p>S\u00e4hk\u00f6postilla:<br>info@oshs-solutions.fi<br>Puhelimitse:<br>+358 (0) 50 374 4917<br>+358 (0) 44 324 9214<\/p>\n\n\n<p><style>\/*! elementor - v3.8.1 - 13-11-2022 *\/<br \/>\n.elementor-widget-image{text-align:center}.elementor-widget-image a{display:inline-block}.elementor-widget-image a img[src$=\".svg\"]{width:48px}.elementor-widget-image img{vertical-align:middle;display:inline-block}<\/style>\n<\/p>\n<p><img fetchpriority=\"high\" decoding=\"async\" class=\"aligncenter\" src=\"https:\/\/oshs-solutions.fi\/wp-content\/uploads\/2022\/11\/mai-sema-1-1024x545.jpg\" sizes=\"(max-width: 640px) 100vw, 640px\" srcset=\"https:\/\/oshs-solutions.fi\/wp-content\/uploads\/2022\/11\/mai-sema-1-1024x545.jpg 1024w, https:\/\/oshs-solutions.fi\/wp-content\/uploads\/2022\/11\/mai-sema-1-300x160.jpg 300w, https:\/\/oshs-solutions.fi\/wp-content\/uploads\/2022\/11\/mai-sema-1-768x408.jpg 768w, https:\/\/oshs-solutions.fi\/wp-content\/uploads\/2022\/11\/mai-sema-1-1536x817.jpg 1536w, https:\/\/oshs-solutions.fi\/wp-content\/uploads\/2022\/11\/mai-sema-1-2048x1089.jpg 2048w\" alt=\"\" width=\"516\" height=\"274\"><\/p>","protected":false},"excerpt":{"rendered":"<p>OSHS Solutions Oy on suomalainen yritys joka tarjoaa ratkaisuja ty\u00f6suojelun sek\u00e4 ty\u00f6- ja toimitilaturvallisuuden haasteisiin. Kokonaisvaltainen ja toimiva turvallisuuden hallinta parantaa yrityksen toimintaedellytyksi\u00e4 my\u00f6s kansainv\u00e4listyv\u00e4ss\u00e4<\/p>\n","protected":false},"author":1,"featured_media":0,"parent":0,"menu_order":0,"comment_status":"closed","ping_status":"closed","template":"","meta":{"footnotes":""},"class_list":["post-226","page","type-page","status-publish","hentry"],"_links":{"self":[{"href":"https:\/\/oshs-solutions.fi\/index.php?rest_route=\/wp\/v2\/pages\/226","targetHints":{"allow":["GET"]}}],"collection":[{"href":"https:\/\/oshs-solutions.fi\/index.php?rest_route=\/wp\/v2\/pages"}],"about":[{"href":"https:\/\/oshs-solutions.fi\/index.php?rest_route=\/wp\/v2\/types\/page"}],"author":[{"embeddable":true,"href":"https:\/\/oshs-solutions.fi\/index.php?rest_route=\/wp\/v2\/users\/1"}],"replies":[{"embeddable":true,"href":"https:\/\/oshs-solutions.fi\/index.php?rest_route=%2Fwp%2Fv2%2Fcomments&post=226"}],"version-history":[{"count":10,"href":"https:\/\/oshs-solutions.fi\/index.php?rest_route=\/wp\/v2\/pages\/226\/revisions"}],"predecessor-version":[{"id":404,"href":"https:\/\/oshs-solutions.fi\/index.php?rest_route=\/wp\/v2\/pages\/226\/revisions\/404"}],"wp:attachment":[{"href":"https:\/\/oshs-solutions.fi\/index.php?rest_route=%2Fwp%2Fv2%2Fmedia&parent=226"}],"curies":[{"name":"wp","href":"https:\/\/api.w.org\/{rel}","templated":true}]}}